{"id":331,"date":"2015-10-09T17:20:28","date_gmt":"2015-10-09T15:20:28","guid":{"rendered":"http:\/\/bellytobelly.de\/wordpress\/?page_id=331"},"modified":"2017-03-17T18:50:54","modified_gmt":"2017-03-17T16:50:54","slug":"bandbiographie","status":"publish","type":"page","link":"https:\/\/bellytobelly.de\/wordpress\/?page_id=331","title":{"rendered":"Bandbiographie"},"content":{"rendered":"<p>Bandbiographie <strong>belly to belly<\/strong><\/p>\n<p>Von der Zeitungsanzeige \u00fcber Kellerr\u00e4ume und Personalwechsel auf die B\u00fchnen der Region: Die Geschichte von <strong>belly to belly<\/strong><\/p>\n<p>Im M\u00e4rz 2006 fing alles mit einer Anzeige von Gitarrist Sebastian Grunden im Lokalblatt an. Auf diesem Weg fanden Marcel Ziemons (Schlagzeug) und Hobbys\u00e4nger Bj\u00f6rn Kirmse (Gesang), die schon zu Schulzeiten befreundet waren, wieder zusammen. Ebenfalls neugierig geworden und anfangs mit an Bord: Postbote und Slapk\u00f6nig Christian Zeman (Bass). Ein Proberaum konnte durch letzteren schnell besorgt werden und so trafen sich die noch namenlosen\u00a0 Halbstarken, um sich zun\u00e4chst an Coverst\u00fccken von Lenny Kravitz oder Audioslave die H\u00f6rner abzusto\u00dfen. Den Bandnamen <strong>belly to belly<\/strong> (ein Move aus dem Wrestling, bei dem man den Gegner \u201eBauch an Bauch\u201c packt und \u00fcber die Schulter wirft) fanden die Jungs \u201enebenbei\u201c beim Bierchen trinken. Die ersten zwei Auftritte, bei denen sie bereits auch ihren ersten eigenen Song \u201eI know I\u00b4m right\u201c spielten, legten sie vor Freunden und Bekannten sowie am Tag darauf vor der Belegschaft der Bocholter Post auf deren Weihnachtsfeier hin.<\/p>\n<p>Die vier kamen im Laufe der Zeit immer weiter von ihren musikalischen Vorbildern weg und schrieben zunehmend eigene Songs auf Englisch und Deutsch. 2008 kam mit Carolin B\u00f6lting eine Verst\u00e4rkung am Gesang und eine zweite Gitarre hinzu, was sich nat\u00fcrlich auch auf die Musik der Band auswirkte. Das in der Idee von ihr stammende \u201eSweet little lie\u201c nahmen die nun f\u00fcnf Musiker bei dem durch die Bocholter Metalband <em>Wizard<\/em> bekannten Bassisten Volker Leson auf. Die Konzerte in Jugendh\u00e4usern und Kneipen zogen mit der Bekanntheit der Band immer gr\u00f6\u00dfere Kreise in der Region. Der mittlerweile zum Klassiker der Band geh\u00f6rende Funksong \u201eK\u00f6nige vom Strand\u201c stammt aus dieser Zeit.<\/p>\n<p>Bis zur heutigen Besetzung musste sich das Personalkarussel der Band allerdings noch einige Male drehen. Carolin B\u00f6lting verlie\u00df die Band mit einem Abschiedskonzert am mittlerweile in Lankern gelegenen Proberaum. 2009 gab Gr\u00fcndungsmitglied Sebastian Grunden seinen Job an der Gitarre auf, um nach der Schule f\u00fcr ein Jahr nach Mexiko zu gehen. Ohne Gitarren und ohne zweiten Gesang war f\u00fcr die \u00fcbrig gebliebenen allerdings von Aufgeben und Aufl\u00f6sen keine Rede. Marcels Bruder Yannick Ziemons stieg in die Band zun\u00e4chst als Gitarrist ein und brachte seinen ehemaligen Schulkollegen und begnadeten Gitarristen Marcel Holz mit. Die beiden Neuzug\u00e4nge brachten die Band in vielerlei Hinsicht nach vorne, sodass es auf musikalischer Ebene voran ging und viele neue Songs hinzukamen. Die Musik der Kapelle wurde zugleich punkiger, versierter und facettenreicher. Marcel Holz\u00b4 sicheres Gesp\u00fcr f\u00fcr Melodien und seine \u00fcberragenden Solok\u00fcnste hoben das Songwriting ebenso auf ein neues Level, wie der zweite Gesang von Yannick Ziemons, mit dem er Frontmann und belly-Urgestein Kirmse seither den R\u00fccken st\u00e4rkt.<\/p>\n<p>Christian Zeman verlie\u00df kurz nach den Aufnahmen zur ersten 4-Track-EP die Band und Yannick Ziemons \u00fcbernahm kurzer Hand die Position am Bass \u2013 bis heute. Im Januar 2011 spielte die Band ein Konzert im Kuba in Hamminkeln. Hier war der mittlerweile aus Mexiko zur\u00fcckgekehrte Sebastian Grunden im Publikum, der kurz darauf wieder Teil der Band wurde.<\/p>\n<p><img loading=\"lazy\" decoding=\"async\" class=\"size-medium wp-image-959 alignleft\" src=\"http:\/\/bellytobelly.de\/wordpress\/wp-content\/uploads\/2015\/10\/B2B-Las-Vegas-2-300x300.jpg\" alt=\"\" width=\"300\" height=\"300\" srcset=\"https:\/\/bellytobelly.de\/wordpress\/wp-content\/uploads\/2015\/10\/B2B-Las-Vegas-2-300x300.jpg 300w, https:\/\/bellytobelly.de\/wordpress\/wp-content\/uploads\/2015\/10\/B2B-Las-Vegas-2-150x150.jpg 150w, https:\/\/bellytobelly.de\/wordpress\/wp-content\/uploads\/2015\/10\/B2B-Las-Vegas-2-768x768.jpg 768w, https:\/\/bellytobelly.de\/wordpress\/wp-content\/uploads\/2015\/10\/B2B-Las-Vegas-2.jpg 960w\" sizes=\"(max-width: 300px) 100vw, 300px\" \/><\/p>\n<p>In der bis heute unver\u00e4nderten Besetzung (Kirmse, Ziemons, Ziemons, Holz, Grunden) hat <strong>belly to belly <\/strong>in den folgenden Jahren einiges erreicht und auf die Beine gestellt. Ob Musikpreise (2010, 2013 &amp; 2014), Konzerte &amp; Festivalgigs mit Bands wie Sondaschule, Rat City Riot oder Heisskalt oder das erste Album \u2013 <strong>belly to belly<\/strong> stecken all ihr Herzblut, Kreativit\u00e4t und Energie in ihre Projekte und kommen dadurch immer einen Schritt nach vorne. Anerkennung f\u00fcr ihre Musik bekommt die Band dabei nicht nur vom Publikum auf ihren fulminanten Liveshows innerhalb und au\u00dferhalb NRWs, sondern auch von z.B. Steffi Stephans (Gr\u00fcnder und Bassist des Panikorchesters\u00a0 um Udo Lindenberg), der die Jungs 2014 sein Projekt \u201eNew Names\u201c er\u00f6ffnen und im Jovel in M\u00fcnster auftreten lie\u00df. Auch WDR2 bot der Band eine Plattform als sie mit \u201eK\u00f6nige vom Strand\u201c im Oktober 2013 von den H\u00f6rern zum Wochensieger der Nachwuchsszene NRW gew\u00e4hlt wurden.<\/p>\n<p>In ihrer Heimatstadt Bocholt sind <strong>belly to belly<\/strong> l\u00e4ngst eine feste Gr\u00f6\u00dfe der lokalen Musikszene. Seien es selbstorganisierte Auftritte, Kneipengigs oder die Teilnahme bei Veranstaltungen wie \u201eBands in town\u201c \u2013 die Konzerte der Band sind besonders in Bocholt immer gut besucht.<\/p>\n<p>Nach monatelanger Arbeit am zweiten Album im Grenzlandstudio Bocholt wurden beim Radiokonzert von WMW im Oktober 2016 die neuen Songs zum ersten Mal live im Rock\u00b4n\u00b4Pop Museum in Gronau und im Radio der \u00d6ffentlichkeit pr\u00e4sentiert.<\/p>\n<p>Das von \u00a0Andreas Lebbing produzierte Album \u201eAll Inclusive\u201c enth\u00e4lt erstmals ausschlie\u00dflich deutsche Songs und erscheint am 28.04.2017 \u00fcber DA-Music. Ihr Stil bleibt dabei unverkennbar: Gute Laune Songs von Rock bis Pop mit pfiffigen Text, eing\u00e4ngigen Melodien und ausdrucksstarken Ges\u00e4ngen.<\/p>\n","protected":false},"excerpt":{"rendered":"<p>Bandbiographie belly to belly Von der Zeitungsanzeige \u00fcber Kellerr\u00e4ume und Personalwechsel auf die B\u00fchnen der Region: Die Geschichte von belly to belly Im M\u00e4rz 2006 fing alles mit einer Anzeige von Gitarrist Sebastian Grunden im Lokalblatt an. Auf diesem Weg fanden Marcel Ziemons (Schlagzeug) und Hobbys\u00e4nger Bj\u00f6rn Kirmse (Gesang), die schon zu Schulzeiten befreundet waren, &#8230; <a title=\"Bandbiographie\" class=\"read-more\" href=\"https:\/\/bellytobelly.de\/wordpress\/?page_id=331\" aria-label=\"Mehr Informationen \u00fcber Bandbiographie\">Weiterlesen &#8230;<\/a><\/p>\n","protected":false},"author":1,"featured_media":0,"parent":0,"menu_order":0,"comment_status":"closed","ping_status":"closed","template":"","meta":{"generate_page_header":"","footnotes":""},"_links":{"self":[{"href":"https:\/\/bellytobelly.de\/wordpress\/index.php?rest_route=\/wp\/v2\/pages\/331"}],"collection":[{"href":"https:\/\/bellytobelly.de\/wordpress\/index.php?rest_route=\/wp\/v2\/pages"}],"about":[{"href":"https:\/\/bellytobelly.de\/wordpress\/index.php?rest_route=\/wp\/v2\/types\/page"}],"author":[{"embeddable":true,"href":"https:\/\/bellytobelly.de\/wordpress\/index.php?rest_route=\/wp\/v2\/users\/1"}],"replies":[{"embeddable":true,"href":"https:\/\/bellytobelly.de\/wordpress\/index.php?rest_route=%2Fwp%2Fv2%2Fcomments&post=331"}],"version-history":[{"count":9,"href":"https:\/\/bellytobelly.de\/wordpress\/index.php?rest_route=\/wp\/v2\/pages\/331\/revisions"}],"predecessor-version":[{"id":960,"href":"https:\/\/bellytobelly.de\/wordpress\/index.php?rest_route=\/wp\/v2\/pages\/331\/revisions\/960"}],"wp:attachment":[{"href":"https:\/\/bellytobelly.de\/wordpress\/index.php?rest_route=%2Fwp%2Fv2%2Fmedia&parent=331"}],"curies":[{"name":"wp","href":"https:\/\/api.w.org\/{rel}","templated":true}]}}