{"id":1152,"date":"2018-04-24T14:49:16","date_gmt":"2018-04-24T12:49:16","guid":{"rendered":"http:\/\/bellytobelly.de\/wordpress\/?page_id=1152"},"modified":"2019-04-05T05:42:56","modified_gmt":"2019-04-05T03:42:56","slug":"wilkommen-auf-der-ofziellen-website-der-band-belly-to-belly","status":"publish","type":"page","link":"https:\/\/bellytobelly.de\/wordpress\/","title":{"rendered":"Willkommen auf der offziellen Website der Band belly to belly!"},"content":{"rendered":"<p>belly to belly, das ist eine Band aus Bocholt mit kreativen Ideen und Spielfreude, die sich einer Mischung aus Funkrock\/Alternative verschrieben haben. Schnelle rockige Parts die sich durch kr\u00e4ftige Gitarrenriffs, Bass- und Drumsounds auszeichnen, sowie ruhige Passagen mit kreativen Ideen stehen f\u00fcr die 5-K\u00f6pfige Band aus Bocholt\/Rhede. Abgerundet werden die Songs durch einen starken Gesang\/Doppelgesang. \u201eOhrwurmtaugliche Songs\u201c, und eine mitrei\u00dfende B\u00fchnenshow zeichnet belly to belly aus.<\/p>\n<p>Alle Neuigkeiten rund um belly to belly erf\u00e4hrst du unter News und auf Facebook.<\/p>\n<p>Also lass gerne in Like da und schau dich auf unserer Seite um!<\/p>\n<p><script>(function(d, s, id) {\n  var js, fjs = d.getElementsByTagName(s)[0];\n  if (d.getElementById(id)) return;\n  js = d.createElement(s); js.id = id;\n  js.src = 'https:\/\/connect.facebook.net\/de_DE\/sdk.js#xfbml=1&version=v2.12';\n  fjs.parentNode.insertBefore(js, fjs);\n}(document, 'script', 'facebook-jssdk'));<\/script><\/p>\n<div class=\"fb-like\" data-href=\"https:\/\/facebook.com\/bellytobellyband\" data-layout=\"standard\" data-action=\"like\" data-size=\"small\" data-show-faces=\"true\" data-share=\"true\"><\/div>\n","protected":false},"excerpt":{"rendered":"<p>belly to belly, das ist eine Band aus Bocholt mit kreativen Ideen und Spielfreude, die sich einer Mischung aus Funkrock\/Alternative verschrieben haben. Schnelle rockige Parts die sich durch kr\u00e4ftige Gitarrenriffs, Bass- und Drumsounds auszeichnen, sowie ruhige Passagen mit kreativen Ideen stehen f\u00fcr die 5-K\u00f6pfige Band aus Bocholt\/Rhede. Abgerundet werden die Songs durch einen starken Gesang\/Doppelgesang. &#8230; <a title=\"Willkommen auf der offziellen Website der Band belly to belly!\" class=\"read-more\" href=\"https:\/\/bellytobelly.de\/wordpress\/\" aria-label=\"Mehr Informationen \u00fcber Willkommen auf der offziellen Website der Band belly to belly!\">Weiterlesen &#8230;<\/a><\/p>\n","protected":false},"author":1,"featured_media":0,"parent":0,"menu_order":0,"comment_status":"closed","ping_status":"closed","template":"","meta":{"generate_page_header":"","footnotes":""},"_links":{"self":[{"href":"https:\/\/bellytobelly.de\/wordpress\/index.php?rest_route=\/wp\/v2\/pages\/1152"}],"collection":[{"href":"https:\/\/bellytobelly.de\/wordpress\/index.php?rest_route=\/wp\/v2\/pages"}],"about":[{"href":"https:\/\/bellytobelly.de\/wordpress\/index.php?rest_route=\/wp\/v2\/types\/page"}],"author":[{"embeddable":true,"href":"https:\/\/bellytobelly.de\/wordpress\/index.php?rest_route=\/wp\/v2\/users\/1"}],"replies":[{"embeddable":true,"href":"https:\/\/bellytobelly.de\/wordpress\/index.php?rest_route=%2Fwp%2Fv2%2Fcomments&post=1152"}],"version-history":[{"count":3,"href":"https:\/\/bellytobelly.de\/wordpress\/index.php?rest_route=\/wp\/v2\/pages\/1152\/revisions"}],"predecessor-version":[{"id":1200,"href":"https:\/\/bellytobelly.de\/wordpress\/index.php?rest_route=\/wp\/v2\/pages\/1152\/revisions\/1200"}],"wp:attachment":[{"href":"https:\/\/bellytobelly.de\/wordpress\/index.php?rest_route=%2Fwp%2Fv2%2Fmedia&parent=1152"}],"curies":[{"name":"wp","href":"https:\/\/api.w.org\/{rel}","templated":true}]}}